{"id":221,"date":"2025-11-14T13:36:29","date_gmt":"2025-11-14T13:36:29","guid":{"rendered":"https:\/\/hecllith.com\/v1\/?page_id=221"},"modified":"2025-11-28T00:44:12","modified_gmt":"2025-11-28T00:44:12","slug":"inicio","status":"publish","type":"page","link":"https:\/\/hecllith.com\/v1\/inicio\/","title":{"rendered":"Inicio"},"content":{"rendered":"\t\t<div data-elementor-type=\"wp-page\" data-elementor-id=\"221\" class=\"elementor elementor-221\" data-elementor-post-type=\"page\">\n\t\t\t\t<div class=\"elementor-element elementor-element-59c5503 e-con-full e-flex e-con e-parent\" data-id=\"59c5503\" data-element_type=\"container\">\n\t\t\t\t<div class=\"elementor-element elementor-element-7da7f70 elementor-widget elementor-widget-heading\" data-id=\"7da7f70\" data-element_type=\"widget\" data-widget_type=\"heading.default\">\n\t\t\t\t<div class=\"elementor-widget-container\">\n\t\t\t\t\t<h1 class=\"elementor-heading-title elementor-size-default\">La magia sucede cuando te mir\u00e1s con amor, sin exigencias y record\u00e1s que ya sos luz, incluso en tus sombras.<\/h1>\t\t\t\t<\/div>\n\t\t\t\t<\/div>\n\t\t\t\t<div class=\"elementor-element elementor-element-eec59d2 elementor-widget elementor-widget-text-editor\" data-id=\"eec59d2\" data-element_type=\"widget\" data-widget_type=\"text-editor.default\">\n\t\t\t\t<div class=\"elementor-widget-container\">\n\t\t\t\t\t\t\t\t\t<p data-start=\"254\" data-end=\"405\"><em>Hecllith es un espacio de claridad y acompa\u00f1amiento, donde lo emocional, lo energ\u00e9tico y lo espiritual se integran sin juicio, con ternura y poder.<\/em><\/p><p data-start=\"407\" data-end=\"497\"><em>Tu transformaci\u00f3n comienza cuando te mir\u00e1s con luz y eleg\u00eds habitarte desde la verdad.<\/em><\/p>\t\t\t\t\t\t\t\t<\/div>\n\t\t\t\t<\/div>\n\t\t\t\t<\/div>\n\t\t<div class=\"elementor-element elementor-element-8a4ff1f e-flex e-con-boxed e-con e-parent\" data-id=\"8a4ff1f\" data-element_type=\"container\">\n\t\t\t\t\t<div class=\"e-con-inner\">\n\t\t\t\t<div class=\"elementor-element elementor-element-5c05ecf elementor-widget elementor-widget-heading\" data-id=\"5c05ecf\" data-element_type=\"widget\" data-widget_type=\"heading.default\">\n\t\t\t\t<div class=\"elementor-widget-container\">\n\t\t\t\t\t<h3 class=\"elementor-heading-title elementor-size-default\">Sesiones M\u00e1gicas Personalizadas<\/h3>\t\t\t\t<\/div>\n\t\t\t\t<\/div>\n\t\t\t\t<div class=\"elementor-element elementor-element-05d4ad5 elementor-widget__width-inherit elementor-widget elementor-widget-text-editor\" data-id=\"05d4ad5\" data-element_type=\"widget\" data-widget_type=\"text-editor.default\">\n\t\t\t\t<div class=\"elementor-widget-container\">\n\t\t\t\t\t\t\t\t\t<p data-start=\"317\" data-end=\"409\">Cada sesi\u00f3n es un ritual \u00fanico, creado para lo que tu alma necesita en este momento sagrado.<\/p>\t\t\t\t\t\t\t\t<\/div>\n\t\t\t\t<\/div>\n\t\t\t\t<div class=\"elementor-element elementor-element-df69b7d elementor-widget__width-inherit elementor-widget elementor-widget-text-editor\" data-id=\"df69b7d\" data-element_type=\"widget\" data-widget_type=\"text-editor.default\">\n\t\t\t\t<div class=\"elementor-widget-container\">\n\t\t\t\t\t\t\t\t\t<p data-start=\"317\" data-end=\"409\">En Hecllith no hay recetas ni estructuras fijas. Cada encuentro se adapta a tu energ\u00eda actual, tus emociones y el momento que est\u00e1s transitando. A trav\u00e9s de la escucha, la intuici\u00f3n y las herramientas m\u00e1gicas que canalizo, construimos juntos un espacio de claridad, sanaci\u00f3n y reconexi\u00f3n con tu poder interior.<\/p>\t\t\t\t\t\t\t\t<\/div>\n\t\t\t\t<\/div>\n\t\t\t\t\t<\/div>\n\t\t\t\t<\/div>\n\t\t\t\t<\/div>\n\t\t","protected":false},"excerpt":{"rendered":"<p>La magia sucede cuando te mir\u00e1s con amor, sin exigencias y record\u00e1s que ya sos luz, incluso en tus sombras. [&hellip;]<\/p>\n","protected":false},"author":1,"featured_media":0,"parent":0,"menu_order":0,"comment_status":"closed","ping_status":"closed","template":"","meta":{"inline_featured_image":false,"site-sidebar-layout":"no-sidebar","site-content-layout":"","ast-site-content-layout":"full-width-container","site-content-style":"default","site-sidebar-style":"default","ast-global-header-display":"","ast-banner-title-visibility":"","ast-main-header-display":"","ast-hfb-above-header-display":"","ast-hfb-below-header-display":"","ast-hfb-mobile-header-display":"","site-post-title":"disabled","ast-breadcrumbs-content":"","ast-featured-img":"disabled","footer-sml-layout":"","ast-disable-related-posts":"","theme-transparent-header-meta":"","adv-header-id-meta":"","stick-header-meta":"","header-above-stick-meta":"","header-main-stick-meta":"","header-below-stick-meta":"","astra-migrate-meta-layouts":"default","ast-page-background-enabled":"default","ast-page-background-meta":{"desktop":{"background-color":"var(--ast-global-color-5)","background-image":"","background-repeat":"repeat","background-position":"center center","background-size":"auto","background-attachment":"scroll","background-type":"","background-media":"","overlay-type":"","overlay-color":"","overlay-opacity":"","overlay-gradient":""},"tablet":{"background-color":"","background-image":"","background-repeat":"repeat","background-position":"center center","background-size":"auto","background-attachment":"scroll","background-type":"","background-media":"","overlay-type":"","overlay-color":"","overlay-opacity":"","overlay-gradient":""},"mobile":{"background-color":"","background-image":"","background-repeat":"repeat","background-position":"center center","background-size":"auto","background-attachment":"scroll","background-type":"","background-media":"","overlay-type":"","overlay-color":"","overlay-opacity":"","overlay-gradient":""}},"ast-content-background-meta":{"desktop":{"background-color":"var(--ast-global-color-4)","background-image":"","background-repeat":"repeat","background-position":"center center","background-size":"auto","background-attachment":"scroll","background-type":"","background-media":"","overlay-type":"","overlay-color":"","overlay-opacity":"","overlay-gradient":""},"tablet":{"background-color":"var(--ast-global-color-4)","background-image":"","background-repeat":"repeat","background-position":"center center","background-size":"auto","background-attachment":"scroll","background-type":"","background-media":"","overlay-type":"","overlay-color":"","overlay-opacity":"","overlay-gradient":""},"mobile":{"background-color":"var(--ast-global-color-4)","background-image":"","background-repeat":"repeat","background-position":"center center","background-size":"auto","background-attachment":"scroll","background-type":"","background-media":"","overlay-type":"","overlay-color":"","overlay-opacity":"","overlay-gradient":""}},"footnotes":""},"class_list":["post-221","page","type-page","status-publish","hentry"],"_links":{"self":[{"href":"https:\/\/hecllith.com\/v1\/wp-json\/wp\/v2\/pages\/221","targetHints":{"allow":["GET"]}}],"collection":[{"href":"https:\/\/hecllith.com\/v1\/wp-json\/wp\/v2\/pages"}],"about":[{"href":"https:\/\/hecllith.com\/v1\/wp-json\/wp\/v2\/types\/page"}],"author":[{"embeddable":true,"href":"https:\/\/hecllith.com\/v1\/wp-json\/wp\/v2\/users\/1"}],"replies":[{"embeddable":true,"href":"https:\/\/hecllith.com\/v1\/wp-json\/wp\/v2\/comments?post=221"}],"version-history":[{"count":40,"href":"https:\/\/hecllith.com\/v1\/wp-json\/wp\/v2\/pages\/221\/revisions"}],"predecessor-version":[{"id":302,"href":"https:\/\/hecllith.com\/v1\/wp-json\/wp\/v2\/pages\/221\/revisions\/302"}],"wp:attachment":[{"href":"https:\/\/hecllith.com\/v1\/wp-json\/wp\/v2\/media?parent=221"}],"curies":[{"name":"wp","href":"https:\/\/api.w.org\/{rel}","templated":true}]}}